{"id":185,"date":"2025-01-30T00:00:15","date_gmt":"2025-01-30T00:00:15","guid":{"rendered":"https:\/\/capitanavispa.com\/tienda\/?post_type=product&#038;p=185"},"modified":"2025-02-14T07:00:27","modified_gmt":"2025-02-14T07:00:27","slug":"libro-capitan-avispa","status":"publish","type":"product","link":"https:\/\/capitanavispa.com\/tienda\/producto\/libro-capitan-avispa\/","title":{"rendered":"Libro Capit\u00e1n Avispa"},"content":{"rendered":"<p>Llega el nuevo libro de Capit\u00e1n Avispa, una adaptaci\u00f3n literaria de la pel\u00edcula animada , creada y narrada por el reconocido m\u00fasico dominicano Juan Luis Guerra.<\/p>\n<p>\u00bfQu\u00e9 puedes encontrar en el libro?<\/p>\n<ul>\n<li style=\"font-weight: 400;\" aria-level=\"1\"><span style=\"font-weight: 400;\"><strong>Una aventura \u00e9pica:<\/strong> El libro te sumerge en el mundo de las avispas y las abejas, donde el valiente Capit\u00e1n Avispa debe enfrentar al malvado Jacques Poison para proteger sus reinos.<\/span><\/li>\n<li style=\"font-weight: 400;\" aria-level=\"1\"><span style=\"font-weight: 400;\"><strong>Valores importantes:<\/strong> Al igual que la pel\u00edcula, el libro transmite valores como la amistad, la valent\u00eda, la honestidad y la importancia de trabajar en equipo.<\/span><\/li>\n<li style=\"font-weight: 400;\" aria-level=\"1\"><span style=\"font-weight: 400;\"><strong>Ilustraciones vibrantes:<\/strong> Las ilustraciones del libro son coloridas y detalladas, capturando la esencia de los personajes y las escenas de la pel\u00edcula.<\/span><\/li>\n<\/ul>\n","protected":false},"excerpt":{"rendered":"<p>Llega el nuevo libro de Capit\u00e1n Avispa, una adaptaci\u00f3n literaria de la pel\u00edcula animada , creada y narrada por el reconocido m\u00fasico dominicano Juan Luis&hellip;<\/p>\n","protected":false},"featured_media":186,"template":"","meta":[],"product_brand":[],"product_cat":[31],"product_tag":[],"class_list":{"0":"post-185","1":"product","2":"type-product","3":"status-publish","4":"has-post-thumbnail","6":"product_cat-libros","8":"first","9":"instock","10":"shipping-taxable","11":"purchasable","12":"product-type-simple"},"precio":"800","precio_html":"<span class=\"woocommerce-Price-amount amount\"><bdi><span class=\"woocommerce-Price-currencySymbol\">RD&#36;<\/span>800.00<\/bdi><\/span>","add_to_cart_url":"?add-to-cart=185","_links":{"self":[{"href":"https:\/\/capitanavispa.com\/tienda\/wp-json\/wp\/v2\/product\/185","targetHints":{"allow":["GET"]}}],"collection":[{"href":"https:\/\/capitanavispa.com\/tienda\/wp-json\/wp\/v2\/product"}],"about":[{"href":"https:\/\/capitanavispa.com\/tienda\/wp-json\/wp\/v2\/types\/product"}],"wp:featuredmedia":[{"embeddable":true,"href":"https:\/\/capitanavispa.com\/tienda\/wp-json\/wp\/v2\/media\/186"}],"wp:attachment":[{"href":"https:\/\/capitanavispa.com\/tienda\/wp-json\/wp\/v2\/media?parent=185"}],"wp:term":[{"taxonomy":"product_brand","embeddable":true,"href":"https:\/\/capitanavispa.com\/tienda\/wp-json\/wp\/v2\/product_brand?post=185"},{"taxonomy":"product_cat","embeddable":true,"href":"https:\/\/capitanavispa.com\/tienda\/wp-json\/wp\/v2\/product_cat?post=185"},{"taxonomy":"product_tag","embeddable":true,"href":"https:\/\/capitanavispa.com\/tienda\/wp-json\/wp\/v2\/product_tag?post=185"}],"curies":[{"name":"wp","href":"https:\/\/api.w.org\/{rel}","templated":true}]}}