{"id":187,"date":"2024-11-08T00:03:24","date_gmt":"2024-11-08T00:03:24","guid":{"rendered":"https:\/\/capitanavispa.com\/tienda\/?post_type=product&#038;p=187"},"modified":"2024-11-12T13:49:32","modified_gmt":"2024-11-12T13:49:32","slug":"cuaderno-jacques-puason","status":"publish","type":"product","link":"https:\/\/capitanavispa.com\/tienda\/producto\/cuaderno-jacques-puason\/","title":{"rendered":"Cuaderno Jacques Puas\u00f3n"},"content":{"rendered":"<p><strong>\u00a1Es Que soy un Rom\u00e1ntico Empedernido, Mon Amour!<\/strong><\/p>\n<p><span style=\"font-weight: 400;\">240 p\u00e1ginas de una l\u00ednea, perfectos para los m\u00e1s peque\u00f1os de la casa, para el colegio, tareas, escribir, dibujar y mucho m\u00e1s. <\/span><\/p>\n","protected":false},"excerpt":{"rendered":"<p>\u00a1Es Que soy un Rom\u00e1ntico Empedernido, Mon Amour! 240 p\u00e1ginas de una l\u00ednea, perfectos para los m\u00e1s peque\u00f1os de la casa, para el colegio, tareas,&hellip;<\/p>\n","protected":false},"featured_media":188,"template":"","meta":[],"product_brand":[],"product_cat":[30],"product_tag":[],"class_list":{"0":"post-187","1":"product","2":"type-product","3":"status-publish","4":"has-post-thumbnail","6":"product_cat-cuadernos","8":"first","9":"instock","10":"shipping-taxable","11":"purchasable","12":"product-type-simple"},"precio":"120","precio_html":"<span class=\"woocommerce-Price-amount amount\"><bdi><span class=\"woocommerce-Price-currencySymbol\">RD&#36;<\/span>120.00<\/bdi><\/span>","add_to_cart_url":"?add-to-cart=187","_links":{"self":[{"href":"https:\/\/capitanavispa.com\/tienda\/wp-json\/wp\/v2\/product\/187","targetHints":{"allow":["GET"]}}],"collection":[{"href":"https:\/\/capitanavispa.com\/tienda\/wp-json\/wp\/v2\/product"}],"about":[{"href":"https:\/\/capitanavispa.com\/tienda\/wp-json\/wp\/v2\/types\/product"}],"wp:featuredmedia":[{"embeddable":true,"href":"https:\/\/capitanavispa.com\/tienda\/wp-json\/wp\/v2\/media\/188"}],"wp:attachment":[{"href":"https:\/\/capitanavispa.com\/tienda\/wp-json\/wp\/v2\/media?parent=187"}],"wp:term":[{"taxonomy":"product_brand","embeddable":true,"href":"https:\/\/capitanavispa.com\/tienda\/wp-json\/wp\/v2\/product_brand?post=187"},{"taxonomy":"product_cat","embeddable":true,"href":"https:\/\/capitanavispa.com\/tienda\/wp-json\/wp\/v2\/product_cat?post=187"},{"taxonomy":"product_tag","embeddable":true,"href":"https:\/\/capitanavispa.com\/tienda\/wp-json\/wp\/v2\/product_tag?post=187"}],"curies":[{"name":"wp","href":"https:\/\/api.w.org\/{rel}","templated":true}]}}