{"id":242,"date":"2025-01-31T16:09:29","date_gmt":"2025-01-31T16:09:29","guid":{"rendered":"https:\/\/capitanavispa.com\/tienda\/?post_type=product&#038;p=242"},"modified":"2025-01-31T16:13:46","modified_gmt":"2025-01-31T16:13:46","slug":"peluche-capitan-avispa","status":"publish","type":"product","link":"https:\/\/capitanavispa.com\/tienda\/producto\/peluche-capitan-avispa\/","title":{"rendered":"Peluche Capit\u00e1n Avispa"},"content":{"rendered":"<p>\u00a1El Capit\u00e1n Avispa ahora en formato peluche!<\/p>\n<p>Con su apariencia divertida y s\u00faper suave, este mu\u00f1eco ser\u00e1 tu h\u00e9roe para acompa\u00f1arte en todo momento. Con detalles cuidados y un dise\u00f1o \u00fanico, es ideal para abrazar, decorar cualquier habitaci\u00f3n o regalar a quienes m\u00e1s te importan.<\/p>\n","protected":false},"excerpt":{"rendered":"<p>\u00a1El Capit\u00e1n Avispa ahora en formato peluche! Con su apariencia divertida y s\u00faper suave, este mu\u00f1eco ser\u00e1 tu h\u00e9roe para acompa\u00f1arte en todo momento. Con&hellip;<\/p>\n","protected":false},"featured_media":243,"template":"","meta":[],"product_brand":[],"product_cat":[21],"product_tag":[],"class_list":{"0":"post-242","1":"product","2":"type-product","3":"status-publish","4":"has-post-thumbnail","6":"product_cat-juguetes","8":"first","9":"instock","10":"shipping-taxable","11":"purchasable","12":"product-type-simple"},"precio":"1200","precio_html":"<span class=\"woocommerce-Price-amount amount\"><bdi><span class=\"woocommerce-Price-currencySymbol\">RD&#36;<\/span>1,200.00<\/bdi><\/span>","add_to_cart_url":"?add-to-cart=242","_links":{"self":[{"href":"https:\/\/capitanavispa.com\/tienda\/wp-json\/wp\/v2\/product\/242","targetHints":{"allow":["GET"]}}],"collection":[{"href":"https:\/\/capitanavispa.com\/tienda\/wp-json\/wp\/v2\/product"}],"about":[{"href":"https:\/\/capitanavispa.com\/tienda\/wp-json\/wp\/v2\/types\/product"}],"wp:featuredmedia":[{"embeddable":true,"href":"https:\/\/capitanavispa.com\/tienda\/wp-json\/wp\/v2\/media\/243"}],"wp:attachment":[{"href":"https:\/\/capitanavispa.com\/tienda\/wp-json\/wp\/v2\/media?parent=242"}],"wp:term":[{"taxonomy":"product_brand","embeddable":true,"href":"https:\/\/capitanavispa.com\/tienda\/wp-json\/wp\/v2\/product_brand?post=242"},{"taxonomy":"product_cat","embeddable":true,"href":"https:\/\/capitanavispa.com\/tienda\/wp-json\/wp\/v2\/product_cat?post=242"},{"taxonomy":"product_tag","embeddable":true,"href":"https:\/\/capitanavispa.com\/tienda\/wp-json\/wp\/v2\/product_tag?post=242"}],"curies":[{"name":"wp","href":"https:\/\/api.w.org\/{rel}","templated":true}]}}